{"id":2078,"date":"2012-02-18T16:34:58","date_gmt":"2012-02-18T16:34:58","guid":{"rendered":"http:\/\/www.tomontheroof.com\/blog\/?page_id=2078"},"modified":"2017-05-23T21:14:04","modified_gmt":"2017-05-23T20:14:04","slug":"australia","status":"publish","type":"page","link":"http:\/\/www.tomontheroof.com\/blog\/australia\/","title":{"rendered":"Australia wiosn\u0105 \u2013 Zapach australijskiego buszu"},"content":{"rendered":"<p style=\"text-align: left;\"><em>Australia zachwyci\u0142a mnie na wskro\u015b, a opisana historia wydarzy\u0142a si\u0119 naprawd\u0119. M\u00f3j wyjazd do Zachodniej Australii mia\u0142 charakter s\u0142u\u017cbowy\u00a0<\/em>\u2013 <em>g\u0142\u00f3wnym jego\u00a0<\/em><em>celem by\u0142 udzia\u0142 w konferencji. Trwa\u0142 zaledwie tydzie\u0144, cho\u0107 ze wzgl\u0119du na bogactwo dozna\u0144 mia\u0142em wra\u017cenie jakbym tam sp\u0119dzi\u0142 co najmniej miesi\u0105c.<br \/>\n<\/em><\/p>\n<div id=\"attachment_4579\" style=\"width: 610px\" class=\"wp-caption aligncenter\"><img loading=\"lazy\" decoding=\"async\" aria-describedby=\"caption-attachment-4579\" class=\"wp-image-4579 size-full\" src=\"http:\/\/www.tomontheroof.com\/blog\/media\/2012\/02\/biale-motyle-czerwone-kwiaty.jpg\" alt=\"bia\u0142e motyle na czerwonych kwiatach\" width=\"600\" height=\"400\" \/><p id=\"caption-attachment-4579\" class=\"wp-caption-text\">W motylim ogrodzie (na lotnisku w Singapurze w drodze do Australii)<\/p><\/div>\n<p>W Perth\u00a0ludzie s\u0105 niezwykle przyja\u017ani. Poza widoczn\u0105 tu solidarno\u015bci\u0105 i ch\u0119ci\u0105 niesienia pomocy innym nic nie wskazuje na to, \u017ce te nowoczesne ulice z drapaczami chmur\u00a0stanowi\u0105 najbardziej odizolowane miasto na \u015bwiecie. Rozpo\u015bciera si\u0119 za nim tysi\u0105ce kilometr\u00f3w dzikiego kontynentu, a z drugiej strony kipi bezmiar Oceanu Indyjskiego.\u00a0O tej porze roku u brzeg\u00f3w Perth goszcz\u0105 wieloryby.\u00a0Niebo i gwiazdy wygl\u0105daj\u0105 tu inaczej ni\u017c na naszej p\u00f3\u0142kuli, a nawet woda wyp\u0142ywa z wanny kr\u0119c\u0105c si\u0119 w przeciwn\u0105 stron\u0119.\u00a0Nie pr\u00f3\u017cnowa\u0142em i ka\u017cd\u0105 woln\u0105 chwil\u0119 przeznaczy\u0142em na poznawanie okolicy i na rozmowy z miejscowymi. Nawet zaraz po przyje\u017adzie \u2013 kiedy moi znajomi narzekaj\u0105c na &#8220;jet lag&#8221; i zm\u0119czenie 28-godzinn\u0105 podr\u00f3\u017c\u0105\u00a0poszli spa\u0107 \u2013 pospieszy\u0142em zwiedza\u0107 miasto, zobaczy\u0107 ogromn\u0105 Rzek\u0119 \u0141ab\u0119dzi\u0105 i nacieszy\u0107 si\u0119 rozkwitaj\u0105ca ca\u0142\u0105 si\u0142a australijsk\u0105 wiosn\u0105 (podczas gdy u nas by\u0142a mro\u017ana zima).<\/p>\n<div id=\"attachment_4580\" style=\"width: 610px\" class=\"wp-caption aligncenter\"><img loading=\"lazy\" decoding=\"async\" aria-describedby=\"caption-attachment-4580\" class=\"wp-image-4580 size-full\" src=\"http:\/\/www.tomontheroof.com\/blog\/media\/2012\/02\/pszczola-zolte-kwiaty-niebo.jpg\" alt=\"Pszczo\u0142a na \u017c\u00f3\u0142tych kwiatach na tle nieba\" width=\"600\" height=\"400\" \/><p id=\"caption-attachment-4580\" class=\"wp-caption-text\">W australijskim buszu<\/p><\/div>\n<p>Na ulicy Australijczycy\u00a0cz\u0119sto\u00a0pytali mnie czy nie potrzebuj\u0119 pomocy (widzieli, \u017ce trzymam map\u0119), m\u00f3wili co ciekawego mog\u0119 zobaczy\u0107, jacy\u015b fajni go\u015bcie zaprosili mnie na piwo. Ka\u017cdy mia\u0142 w\u0142asn\u0105 histori\u0119 i ch\u0119tnie m\u00f3wi\u0142 o swoich korzeniach, o tym sk\u0105d\u00a0przybyli\u00a0jego przodkowie. Na promie na rzece obcy ludzie sami zaczynali ze mn\u0105 przyja\u017anie rozmawia\u0107 (przeprawi\u0142em si\u0119 na drug\u0105 stron\u0119 \u017ceby zobaczy\u0107 zoo z australijsk\u0105 faun\u0105 \u2013 najlepsze jakie widzia\u0142em, zw\u0142aszcza wra\u017cenie robi\u0105 krokodyle, pozornie na wolno\u015bci, oddzielone zamaskowan\u0105 fos\u0105). Tak\u017ce w podmiejskim poci\u0105gu panuje inna atmosfera ni\u017c u nas \u2013 wszyscy ze sob\u0105 weso\u0142o rozmawiaj\u0105 jakby si\u0119 znali. Jest tu wielu azjatyckich student\u00f3w, kt\u00f3rzy do p\u00f3\u017ana spaceruj\u0105 w grupach i fotografuj\u0105 si\u0119 przy ka\u017cdej okazji (ze mn\u0105 te\u017c zrobili sobie zdj\u0119cia, chocia\u017c by\u0142o ju\u017c po zmroku). Nieprzyst\u0119pni s\u0105 tylko Aborygeni \u2013 wci\u0105\u017c trwaj\u0105 w swoim \u201eDreamtime\u201d. Nie zintegrowali si\u0119 z bia\u0142ymi przybyszami, s\u0105 do nich wrogo nastawieni, a ich m\u0142odzie\u017c nocami cz\u0119sto w\u0142\u00f3czy si\u0119 pijana po ulicach.<\/p>\n<div id=\"attachment_4581\" style=\"width: 610px\" class=\"wp-caption aligncenter\"><a href=\"http:\/\/www.tomontheroof.com\/blog\/media\/2012\/02\/perth-panorama-miasta.jpg\"><img loading=\"lazy\" decoding=\"async\" aria-describedby=\"caption-attachment-4581\" class=\"wp-image-4581 size-full\" title=\"Kliknij w zdj\u0119cie (powr\u00f3t klawiszem Esc)\" src=\"http:\/\/www.tomontheroof.com\/blog\/media\/2012\/02\/perth-australia.jpg\" alt=\"Panorama Perth\" width=\"600\" height=\"197\" \/><\/a><p id=\"caption-attachment-4581\" class=\"wp-caption-text\">Perth, Zachodnia Australia<\/p><\/div>\n<p>Momentami ci\u0119\u017cko by\u0142o mi usiedzie\u0107 na wyk\u0142adach (czasami ciekawych \u2013 takich z kt\u00f3rych rzeczywi\u015bcie skorzysta\u0142em, a czasami strasznie nudnych) w zat\u0142oczonym pomieszczeniu bez okien. A za \u015bcian\u0105 skaka\u0142y kangury i lata\u0142y egzotyczne ptaki (szczeg\u00f3lnie zaintrygowa\u0142y mnie &#8220;\u015bpiewaj\u0105ce wrony&#8221; \u2013 podobne do naszych, ale bardzo utalentowane!). I utkwi\u0142o mi w pami\u0119ci niezwyk\u0142e bogactwo zapach\u00f3w \u2013 z nutami olejk\u00f3w eukaliptusowych i aromatem kory drzewa herbacianego ogrzanego australijskim s\u0142o\u0144cem. Przyznam, \u017ce kt\u00f3rego\u015b dnia ukradkiem wymkn\u0105\u0142em si\u0119 z mniej ciekawej cz\u0119\u015bci wyk\u0142ad\u00f3w i pojecha\u0142em autobusem (z kilkoma przesiadkami) za miasto \u2013 zobaczy\u0107 park narodowy i australijski busz.<\/p>\n<div id=\"attachment_4583\" style=\"width: 610px\" class=\"wp-caption aligncenter\"><img loading=\"lazy\" decoding=\"async\" aria-describedby=\"caption-attachment-4583\" class=\"wp-image-4583 size-full\" src=\"http:\/\/www.tomontheroof.com\/blog\/media\/2012\/02\/jaszczurka.jpg\" alt=\"jaszczurka\" width=\"600\" height=\"450\" \/><p id=\"caption-attachment-4583\" class=\"wp-caption-text\">Kto si\u0119 kogo boi?<\/p><\/div>\n<p>Ju\u017c na pocz\u0105tku tej podr\u00f3\u017cy przypadkiem albo mo\u017ce jakim\u015b zrz\u0105dzeniem losu spotka\u0142em bardzo \u0142adn\u0105 dziewczyn\u0119 \u2013 Japonk\u0119. W pewnym momencie zorientowali\u015bmy si\u0119, \u017ce trzymamy w r\u0119kach te same prospekty reklamuj\u0105ce park i tak si\u0119 poznali\u015bmy. By\u0142a odstawiona od st\u00f3p po g\u0142ow\u0119, zupe\u0142nie nie jak na wycieczk\u0119: mia\u0142a szpilki, eleganck\u0105 sukienk\u0119, subtelny makija\u017c i wielkie kolczyki. I a\u017c sama zacz\u0119\u0142a mi si\u0119 t\u0142umaczy\u0107 ze swoich jaskrawo czerwonych paznokci&#8230; Powiedzia\u0142a, \u017ce jest stewardes\u0105 Singapore Airlines, lata mi\u0119dzy Singapurem, Perth i Los Angeles \u2013 jedn\u0105 dob\u0119 jest w trasie, a nast\u0119pnie przez dwa lub trzy dni ma czas wolny na regeneracj\u0119 si\u0142. W drodze opowiedzia\u0142a mi ca\u0142y sw\u00f3j \u017cyciorys, o tym jak wcze\u015bniej pracowa\u0142a jako prezenterka telewizyjna i te\u017c o tym jak bardzo przez obecny tryb \u017cycia ci\u0119\u017cko jej mie\u0107 przyjaci\u00f3\u0142.<\/p>\n<div id=\"attachment_4584\" style=\"width: 410px\" class=\"wp-caption aligncenter\"><img loading=\"lazy\" decoding=\"async\" aria-describedby=\"caption-attachment-4584\" class=\"wp-image-4584 size-full\" src=\"http:\/\/www.tomontheroof.com\/blog\/media\/2012\/02\/skaczacy-kangur.jpg\" alt=\"skacz\u0105cy kangur\" width=\"400\" height=\"600\" \/><p id=\"caption-attachment-4584\" class=\"wp-caption-text\">&#8220;Roo&#8221; (australijski skr\u00f3t od &#8220;kangaroo&#8221;)<\/p><\/div>\n<p>W ko\u0144cu dotarli\u015bmy do naszego celu \u2013 ona w pantofelkach, bo w szpilkach nie mog\u0142a d\u0142u\u017cej i\u015b\u0107 po ziemi. I rzeczywi\u015bcie to by\u0142o niesamowite miejsce. Zobaczyli\u015bmy stada pas\u0105cych si\u0119 olbrzymich kangur\u00f3w (nie zapomn\u0119 tego uczucia kiedy ogromnymi susami\u00a0galopowa\u0142y\u00a0w nasz\u0105 stron\u0119 \u2013 jak si\u0119 na szcz\u0119\u015bcie okaza\u0142o tylko z ciekawo\u015bci). \u00a0Widzieli\u015bmy koale na wolno\u015bci i najprawdziwszy, autentyczny, dziki australijski busz. Chyba si\u0119 polubili\u015bmy, bo po powrocie do miasta zjedli\u015bmy razem kolacj\u0119 we francuskiej restauracji, przy stole na zewn\u0105trz (bo to by\u0142a ciep\u0142a noc), przy \u015bwiecach. Wreszcie popijaj\u0105c wino zacz\u0119li\u015bmy rozmawia\u0107 o naszych planach na zbli\u017caj\u0105cy si\u0119 weekend. I wtedy okaza\u0142o si\u0119, \u017ce to nie by\u0142 koniec zbieg\u00f3w okoliczno\u015bci&#8230; Mieli\u015bmy przy sobie identyczne bilety: na ten sam dzie\u0144, na ten sam statek, na t\u0119 sam\u0105 wysp\u0119 na Oceanie Indyjskim, chocia\u017c przecie\u017c pod dostatkiem by\u0142o tam r\u00f3\u017cnych turystycznych cel\u00f3w.<\/p>\n<div id=\"attachment_4586\" style=\"width: 410px\" class=\"wp-caption aligncenter\"><img loading=\"lazy\" decoding=\"async\" aria-describedby=\"caption-attachment-4586\" class=\"wp-image-4586 size-full\" src=\"http:\/\/www.tomontheroof.com\/blog\/media\/2012\/02\/kangurek-w-kieszeni.jpg\" alt=\"kangurek w kieszeni\" width=\"400\" height=\"600\" \/><p id=\"caption-attachment-4586\" class=\"wp-caption-text\">&#8220;Zwierz\u0119 z dwiema g\u0142owami&#8221;<\/p><\/div>\n<p>Mieszka\u0142a w najbardziej luksusowym hotelu w mie\u015bcie (w ten spos\u00f3b linie lotnicze zach\u0119caj\u0105 atrakcyjne dziewczyny do tej niewdzi\u0119cznej pracy). Do mojego hotelu &#8220;Esplanade&#8221; w portowym Fremantle niedaleko Perth, w kt\u00f3rym odbywa\u0142a si\u0119 konferencja, wr\u00f3ci\u0142em taks\u00f3wk\u0105, bo podmiejskie poci\u0105gi dawno ju\u017c nie je\u017adzi\u0142y. O ca\u0142ym tym wydarzeniu nie wiedzia\u0142 nikt z moich znajomych. Cieszy\u0142em si\u0119 z tego \u017ce ta dziewczyna o s\u0142odkim g\u0142osie, g\u0142adkiej sk\u00f3rze i pachn\u0105ca lepiej ni\u017c australijski busz w rozkwicie wiosny chcia\u0142a si\u0119 ze mn\u0105 jeszcze zobaczy\u0107.<\/p>\n<div id=\"attachment_4587\" style=\"width: 610px\" class=\"wp-caption aligncenter\"><img loading=\"lazy\" decoding=\"async\" aria-describedby=\"caption-attachment-4587\" class=\"wp-image-4587 size-full\" src=\"http:\/\/www.tomontheroof.com\/blog\/media\/2012\/02\/wyspa-rottnest-.jpg\" alt=\"Wyspa Rottnest Island\" width=\"600\" height=\"400\" \/><p id=\"caption-attachment-4587\" class=\"wp-caption-text\">Na wyspie Rottnest Island w Zachodniej Australii [<a title=\"otwiera nowe okno\" href=\"http:\/\/www.google.pl\/maps\/place\/Rottnest+Australia+Zachodnia+6161,+Australia\/@-32.0070053,115.5049391,13z\/data=!3m1!4b1!4m2!3m1!1s0x2a2d5750a566b7fd:0x504f0b535df5020?hl=pl\" target=\"_blank\" rel=\"nofollow noopener noreferrer\">zobacz na mapie<\/a>]<\/p><\/div>\n<p>W sobot\u0119 odby\u0142y si\u0119 ostanie wyk\u0142ady, a po obiedzie (na kt\u00f3rym serwowano piecze\u0144 z kangura) rozpocz\u0119\u0142a si\u0119 wycieczka dla uczestnik\u00f3w konferencji. Autokarami podjechali\u015bmy do portu i dalej pop\u0142yn\u0119li\u015bmy promem na wysp\u0119 Rottnest Island (co z holenderskiego znaczy &#8220;Gniazdo Szczura&#8221;). Holendrzy kt\u00f3rzy j\u0105 odkryli mylnie uznali powszechne tu kuoki (sympatyczne torbacze spokrewnione z kangurami, wielko\u015bci kota i nie wyst\u0119puj\u0105ce nigdzie indziej) za szczury. Niestety na statku by\u0142 okropny t\u0142ok i pomimo stara\u0144 nie odnalaz\u0142em &#8220;mojej&#8221; Kazuyo (bo tak mia\u0142a na imi\u0119 japo\u0144ska dziewczyna). Na wyspie wypo\u017cyczy\u0142em rower. I troch\u0119 ryzykuj\u0105c, \u017ce w razie awarii nie zd\u0105\u017c\u0119 na statek (nie by\u0142o ju\u017c wi\u0119cej rejs\u00f3w tego dnia, a rano mia\u0142em samolot), oddali\u0142em si\u0119 od zat\u0142oczonej cz\u0119\u015bci wyspy i pop\u0119dzi\u0142em w\u015br\u00f3d s\u0142onych jezior i dzikich wzg\u00f3rz na jej najbardziej odleg\u0142y przyl\u0105dek b\u0119d\u0105cy jednocze\u015bnie najbardziej wysuni\u0119tym na zach\u00f3d punktem Rottnest Island. Ten skalisty brzeg wyda\u0142 mi si\u0119 celem bez zdobycia kt\u00f3rego mia\u0142bym wra\u017cenie, \u017ce co\u015b istotnego mi umkn\u0119\u0142o. Uda\u0142o si\u0119. Nawet zd\u0105\u017cy\u0142em przed czasem, od\u015bwie\u017cy\u0142em si\u0119 \u00a0i chwil\u0119 odpocz\u0105\u0142em.<\/p>\n<div id=\"attachment_4588\" style=\"width: 610px\" class=\"wp-caption aligncenter\"><img loading=\"lazy\" decoding=\"async\" aria-describedby=\"caption-attachment-4588\" class=\"wp-image-4588 size-full\" src=\"http:\/\/www.tomontheroof.com\/blog\/media\/2012\/02\/kuoka.jpg\" alt=\"Kuoka\" width=\"600\" height=\"400\" \/><p id=\"caption-attachment-4588\" class=\"wp-caption-text\">Kuoka<\/p><\/div>\n<p>Jakie\u017c by\u0142o ogromne zdziwienie moich znajomych (i nie zapomn\u0119 wielkich ze zdumienia \u015blepi\u00f3w mojego profesora) kiedy na tej egzotycznej wyspie na Oceanie Indyjskim, w najbardziej niespodziewanym momencie dostrzeg\u0142a mnie, podbieg\u0142a i rzuci\u0142a mi si\u0119 na szyj\u0119 \u015bliczna Japonka, tak jakbym by\u0142 jej najlepszym przyjacielem kt\u00f3rego nie widzia\u0142a od lat! I jeszcze po powrocie do Wiednia dopytywali si\u0119 co to by\u0142a za tajemnicza znajoma-nieznajoma w szpilkach i z kwiatem we w\u0142osach, a ja na to, \u017ce no&#8230; znam wiele kobiet na \u015bwiecie.<\/p>\n<div id=\"attachment_4589\" style=\"width: 610px\" class=\"wp-caption aligncenter\"><img loading=\"lazy\" decoding=\"async\" aria-describedby=\"caption-attachment-4589\" class=\"wp-image-4589 size-full\" src=\"http:\/\/www.tomontheroof.com\/blog\/media\/2012\/02\/przyl\u0105dek-vlamingha.jpg\" alt=\"przyl\u0105dek vlamingha\" width=\"600\" height=\"400\" \/><p id=\"caption-attachment-4589\" class=\"wp-caption-text\">Przyl\u0105dek Vlamingha (Cape Vlamingh) [<a title=\"otwiera nowe okno\" href=\"http:\/\/maps.google.pl\/maps?q=-32.024742,115.450106&amp;hl=pl&amp;ll=-32.011569,115.499096&amp;spn=0.085443,0.154324&amp;num=1&amp;t=m&amp;z=13\" target=\"_blank\" rel=\"nofollow noopener noreferrer\">zobacz na mapie<\/a>]<\/p><\/div>\n<p>Ale to nie by\u0142 koniec zbieg\u00f3w okoliczno\u015bci. Wiedzia\u0142em, \u017ce Kazuyo\u00a0b\u0119dzie lecie\u0107 tym samym co ja samolotem do Singapuru. Chocia\u017c kto wie, mo\u017ce to ju\u017c nie by\u0142 przypadek, \u017ce w tym ogromnym samolocie obs\u0142ugiwa\u0142a w\u0142a\u015bnie ten sektor w kt\u00f3rym ja podr\u00f3\u017cowa\u0142em. Zachowywa\u0142a si\u0119 bardzo profesjonalnie, jakby mnie nie zna\u0142a, aczkolwiek czu\u0142em si\u0119 lepiej ni\u017c gdybym by\u0142 w klasie business. Obok mnie siedzieli starsi Anglicy \u2013 bardzo sympatyczny dziadek z r\u00f3wnie sympatyczn\u0105 \u017con\u0105. I w pewnym momencie ten dziadek tr\u0105ci\u0142 mnie \u0142okciem i stwierdzi\u0142, \u017ce najwyra\u017aniej wpad\u0142em w oko stewardesie. Babcia ze znacz\u0105cym u\u015bmiechem pokiwa\u0142a g\u0142ow\u0105, a dziadek jeszcze poklepa\u0142 mnie po ramieniu z uznaniem (i mo\u017ce jakim\u015b sobie tylko znanym wspomnieniem). Najzabawniejsze by\u0142o to, \u017ce oni nie domy\u015blali si\u0119 naszej znajomo\u015bci. A stewardesa chc\u0105c by\u0107 szczeg\u00f3lnie mi\u0142a dla mnie im te\u017c musia\u0142a serwowa\u0107 dodatkowe drinki, przychodzi\u0107 cz\u0119\u015bciej ni\u017c do innych pasa\u017cer\u00f3w, poprawia\u0107 poduszki, a nawet wr\u0119czy\u0142a karty do gry na pami\u0105tk\u0119. I tylko delikatne mu\u015bni\u0119cie po twarzy, jakby niechc\u0105cy, kiedy nikt nie widzia\u0142, jeszcze raz u\u015bwiadomi\u0142o mi, \u017ce si\u0119 znamy.<\/p>\n<div id=\"attachment_4590\" style=\"width: 610px\" class=\"wp-caption aligncenter\"><img loading=\"lazy\" decoding=\"async\" aria-describedby=\"caption-attachment-4590\" class=\"wp-image-4590 size-full\" src=\"http:\/\/www.tomontheroof.com\/blog\/media\/2012\/02\/zachodnia-australia.jpg\" alt=\"Rottnest Island, Zachodnia Australia\" width=\"600\" height=\"450\" \/><p id=\"caption-attachment-4590\" class=\"wp-caption-text\">Rottnest Island<\/p><\/div>\n<p>W czasie tego lotu do Singapuru nie zasn\u0105\u0142em wcale, a przynajmniej tak mi si\u0119 wydawa\u0142o. Pod koniec podr\u00f3\u017cy postanowi\u0142em napisa\u0107 jej podzi\u0119kowanie w pok\u0142adowej karcie wniosk\u00f3w, a sympatyczny dziadek i babcia sami stwierdzili, \u017ce moim wzorem zrobi\u0105 to samo. I my\u015bl\u0119, \u017ce te trzy wnioski, kt\u00f3rych Kazuyo si\u0119 nie spodziewa\u0142a, zapewne chwil\u0119 p\u00f3\u017aniej podpisane przez kapitana samolotu, mog\u0142y przyspieszy\u0107 jej awans do klasy business pomimo kr\u00f3tkiego sta\u017cu.<\/p>\n<p style=\"text-align: center;\">***<\/p>\n<p>W Wiedniu po powrocie by\u0142o szaro i zimno. I jako\u015b tak d\u0142awi\u0105co pusto albo t\u0119skno \u2013 mo\u017ce za australijsk\u0105 wiosn\u0105 i zapachem buszu, mo\u017ce za gliniast\u0105 ziemi\u0105 wypieszczon\u0105 dzikim wiatrem, a mo\u017ce za czym\u015b jeszcze.<\/p>\n<p style=\"text-align: center;\"><em>Zobacz m\u00f3j reporta\u017c z Jerozolimy:<br \/>\n<\/em><\/p>\n<div id=\"attachment_4705\" style=\"width: 297px\" class=\"wp-caption aligncenter\"><a href=\"\/blog\/jerozolima\"><img loading=\"lazy\" decoding=\"async\" aria-describedby=\"caption-attachment-4705\" class=\"wp-image-4705\" src=\"http:\/\/www.tomontheroof.com\/blog\/media\/2011\/07\/Jeruzalem.jpg\" alt=\"Jerozolima mistyczna\" width=\"287\" height=\"150\" \/><\/a><p id=\"caption-attachment-4705\" class=\"wp-caption-text\"><a href=\"\/blog\/jerozolima\">Jerozolima mistyczna<\/a><\/p><\/div>\n<p style=\"text-align: center;\">Copyright <span class=\"_Tgc\">\u00a9<\/span> 2012-2026 Tomasz Bobrzy\u0144ski.\u00a0Wszelkie prawa zastrze\u017cone.<\/p>\nAustralia wiosn\u0105 \u2013 Zapach australijskiego buszu<\/a><\/p>","protected":false},"excerpt":{"rendered":"<p>Australia&#8230; tysi\u0105ce kilometr\u00f3w dzikiego kontynentu&#8230; kipi bezmiar Oceanu Indyjskiego. O tej porze roku u brzeg\u00f3w&#8230; wieloryby&#8230; Dziewczyna o s\u0142odkim g\u0142osie, g\u0142adkiej sk\u00f3rze i pachn\u0105ca lepiej ni\u017c australijski busz w rozkwicie wiosny&#8230;<\/p>\n","protected":false},"author":4,"featured_media":4579,"parent":0,"menu_order":0,"comment_status":"open","ping_status":"closed","template":"","meta":{"footnotes":""},"class_list":["post-2078","page","type-page","status-publish","has-post-thumbnail","hentry"],"aioseo_notices":[],"_links":{"self":[{"href":"http:\/\/www.tomontheroof.com\/blog\/wp-json\/wp\/v2\/pages\/2078","targetHints":{"allow":["GET"]}}],"collection":[{"href":"http:\/\/www.tomontheroof.com\/blog\/wp-json\/wp\/v2\/pages"}],"about":[{"href":"http:\/\/www.tomontheroof.com\/blog\/wp-json\/wp\/v2\/types\/page"}],"author":[{"embeddable":true,"href":"http:\/\/www.tomontheroof.com\/blog\/wp-json\/wp\/v2\/users\/4"}],"replies":[{"embeddable":true,"href":"http:\/\/www.tomontheroof.com\/blog\/wp-json\/wp\/v2\/comments?post=2078"}],"version-history":[{"count":3,"href":"http:\/\/www.tomontheroof.com\/blog\/wp-json\/wp\/v2\/pages\/2078\/revisions"}],"predecessor-version":[{"id":14710,"href":"http:\/\/www.tomontheroof.com\/blog\/wp-json\/wp\/v2\/pages\/2078\/revisions\/14710"}],"wp:featuredmedia":[{"embeddable":true,"href":"http:\/\/www.tomontheroof.com\/blog\/wp-json\/wp\/v2\/media\/4579"}],"wp:attachment":[{"href":"http:\/\/www.tomontheroof.com\/blog\/wp-json\/wp\/v2\/media?parent=2078"}],"curies":[{"name":"wp","href":"https:\/\/api.w.org\/{rel}","templated":true}]}}